{"id":2,"date":"2016-05-10T03:48:21","date_gmt":"2016-05-10T03:48:21","guid":{"rendered":"http:\/\/wp452m.a10-52-158-154.qa.plesk.ru\/wordpress\/?page_id=2"},"modified":"2020-08-17T18:32:33","modified_gmt":"2020-08-17T17:32:33","slug":"sample-page","status":"publish","type":"page","link":"https:\/\/www.wasserski-hannover.de\/?page_id=2","title":{"rendered":"Wir \u00fcber uns"},"content":{"rendered":"<h3>Wir sind &#8230;<\/h3>\n<p>ein eingetragener Verein mit dem gemeinsamen Ziel des Wasserskilaufens. Unsere Mitglieder betreiben den Sport als Freizeitspa\u00df, als regelm\u00e4\u00dfiges Hobby oder auf Wettkampfniveau mit festen Trainingstagen. Wir sind eine nette und aufgeschlossene Gemeinschaft und verf\u00fcgen \u00fcber rund 60 Mitglieder. An Wochenenden wird regelm\u00e4\u00dfig zusammengesessen und abends der Grill angeworfen. Wir verf\u00fcgen \u00fcber ein gro\u00dfes Clubheim mit Umkleider\u00e4umen (die mit Spinden ausgestattet sind) sowie \u00fcber eine Freiluftdusche. Ob als einmaliger Gast oder als (potentielles) neues Mitglied bist du immer bei uns willkommen.<\/p>\n<h3>Saison &amp; Laufzeiten<\/h3>\n<p>Unsere Saison startet traditionell am 1. Mai und endet (je nach Witterungsbedingungen) sp\u00e4testens am 31. Oktober jeden Jahres. Der Wasserskibetrieb findet nach Wetterlage zumeist dienstags, mittwochs, freitags (jeweils ab ca. 17 Uhr) und samstags (ganzt\u00e4gig) statt. Zwischen 13 und 15 Uhr ist uns eine Mittagspause vorgeschrieben, sonntags herrscht mit Ausnahme von vier &#8222;Laufsonntagen&#8220; Fahrverbot.<\/p>\n<h3>Revier &amp; Bojenfeld<\/h3>\n<p>Die \u00f6ffentliche Wasserskistrecke in Hannover ist deutschlandweit die einzige innerst\u00e4dtische Wasserskistrecke und beginnt auf der Leine bei KM 21 bis KM 22,3. Aus R\u00fccksichtnahme auf den Ein- und Ausstiegsprozess des Ruderverein Linden e.V. wenden wir jedoch bei dortigem Betrieb bereits vor der Schnellwegbr\u00fccke.<\/p>\n<p>Auf dem geraden Teilst\u00fcck innerhalb der Wasserskistrecke befindet sich unserer privates Slalom-Bojenfeld mit welchen auf Wettkampfniveau trainiert werden kann.<\/p>\n<h3>Boot &amp; Ausr\u00fcstung<\/h3>\n<p>Unser Clubboot ist ein auf Gas umger\u00fcstetes Infinity ZX-1 mit Perfect Pass System und verf\u00fcgt \u00fcber ca. 300 PS. Wir verf\u00fcgen \u00fcber einen Skylon f\u00fcr mehr Zug von oben sowie eine spezielle Lernstange (Boom) zum direkten Coaching von Anf\u00e4ngern.<\/p>\n<p>Im Laufpreis inbegriffen ist die Nutzung von Leihmaterial. Anz\u00fcge und Schwimmwesten haben wir in diversen Gr\u00f6\u00dfen vorhanden. Ebenso mehrere Paar- und Slalom-Ski f\u00fcr Erwachsene und Kinder sowie Wakeboards und einen professionellen Trickski.<\/p>\n<h3>Vorstand<\/h3>\n<p>1. Vorsitzender: Michael Meier<br \/>\n2. Vorsitzender: Eberhard Schulz<br \/>\nKassenwart: Marc-Oliver Sonneberg<br \/>\nBootswart: Uwe Requa<br \/>\nSportwart: Marcel Meier<\/p>\n","protected":false},"excerpt":{"rendered":"<p>Wir sind &#8230; ein eingetragener Verein mit dem gemeinsamen Ziel des Wasserskilaufens. Unsere Mitglieder betreiben den Sport als Freizeitspa\u00df, als regelm\u00e4\u00dfiges Hobby oder auf Wettkampfniveau mit festen Trainingstagen. Wir sind eine nette und aufgeschlossene Gemeinschaft und verf\u00fcgen \u00fcber rund 60 Mitglieder. An Wochenenden wird regelm\u00e4\u00dfig zusammengesessen und abends der Grill angeworfen. Wir verf\u00fcgen \u00fcber ein &hellip; <\/p>\n<p class=\"link-more\"><a href=\"https:\/\/www.wasserski-hannover.de\/?page_id=2\" class=\"more-link\"><span class=\"screen-reader-text\">\u201eWir \u00fcber uns\u201c<\/span> weiterlesen<\/a><\/p>\n","protected":false},"author":1,"featured_media":0,"parent":0,"menu_order":0,"comment_status":"closed","ping_status":"open","template":"","meta":{"footnotes":""},"class_list":["post-2","page","type-page","status-publish","hentry"],"_links":{"self":[{"href":"https:\/\/www.wasserski-hannover.de\/index.php?rest_route=\/wp\/v2\/pages\/2","targetHints":{"allow":["GET"]}}],"collection":[{"href":"https:\/\/www.wasserski-hannover.de\/index.php?rest_route=\/wp\/v2\/pages"}],"about":[{"href":"https:\/\/www.wasserski-hannover.de\/index.php?rest_route=\/wp\/v2\/types\/page"}],"author":[{"embeddable":true,"href":"https:\/\/www.wasserski-hannover.de\/index.php?rest_route=\/wp\/v2\/users\/1"}],"replies":[{"embeddable":true,"href":"https:\/\/www.wasserski-hannover.de\/index.php?rest_route=%2Fwp%2Fv2%2Fcomments&post=2"}],"version-history":[{"count":19,"href":"https:\/\/www.wasserski-hannover.de\/index.php?rest_route=\/wp\/v2\/pages\/2\/revisions"}],"predecessor-version":[{"id":381,"href":"https:\/\/www.wasserski-hannover.de\/index.php?rest_route=\/wp\/v2\/pages\/2\/revisions\/381"}],"wp:attachment":[{"href":"https:\/\/www.wasserski-hannover.de\/index.php?rest_route=%2Fwp%2Fv2%2Fmedia&parent=2"}],"curies":[{"name":"wp","href":"https:\/\/api.w.org\/{rel}","templated":true}]}}