{"id":259,"date":"2017-04-20T20:26:00","date_gmt":"2017-04-20T19:26:00","guid":{"rendered":"http:\/\/test.wasserski-hannover.de\/?page_id=259"},"modified":"2017-11-09T13:01:37","modified_gmt":"2017-11-09T12:01:37","slug":"impressum","status":"publish","type":"page","link":"https:\/\/www.wasserski-hannover.de\/?page_id=259","title":{"rendered":"Impressum"},"content":{"rendered":"<p><span style=\"font-family: Verdana,Arial,Helvetica,Lucida Sans,Tahoma;\"><strong>Diese Website wurde im Auftrag und in Zusammenarbeit mit dem 1. Wasserskiclub Hannover e.V. erstellt.<\/strong><\/span><\/p>\n<p>&nbsp;<\/p>\n<p><span style=\"font-family: Verdana,Arial,Helvetica,Lucida Sans,Tahoma;\"><strong>Anschrift:<\/strong><\/span><\/p>\n<p><span style=\"font-family: Verdana,Arial,Helvetica,Lucida Sans,Tahoma;\">1. WSC Hannover e.V.<br \/>\nIn den K\u00e4mpen 55<br \/>\n30167 Hannover<\/span><span style=\"font-family: Verdana,Arial,Helvetica,Lucida Sans,Tahoma;\">\u00a0\u00a0\u00a0\u00a0\u00a0\u00a0\u00a0\u00a0\u00a0\u00a0\u00a0\u00a0\u00a0\u00a0\u00a0\u00a0\u00a0\u00a0\u00a0\u00a0\u00a0\u00a0\u00a0\u00a0\u00a0\u00a0\u00a0\u00a0\u00a0\u00a0\u00a0\u00a0\u00a0\u00a0\u00a0\u00a0\u00a0\u00a0\u00a0\u00a0\u00a0\u00a0\u00a0\u00a0\u00a0\u00a0\u00a0\u00a0\u00a0\u00a0\u00a0\u00a0\u00a0\u00a0\u00a0\u00a0\u00a0\u00a0\u00a0\u00a0\u00a0\u00a0\u00a0\u00a0\u00a0\u00a0\u00a0\u00a0\u00a0\u00a0\u00a0\u00a0\u00a0\u00a0\u00a0\u00a0\u00a0\u00a0\u00a0\u00a0\u00a0\u00a0\u00a0\u00a0\u00a0\u00a0\u00a0\u00a0\u00a0\u00a0\u00a0\u00a0\u00a0<\/span><\/p>\n<p><span style=\"color: #ff0000;\">Zurzeit sind wir telefonisch nicht erreichbar!<\/span><\/p>\n<p><span style=\"font-family: Verdana,Arial,Helvetica,Lucida Sans,Tahoma;\"> <a href=\"mailto:post@wasserski-hannover.de\" target=\"_self\">Post@Wasserski-Hannover.de<\/a><\/span><br \/>\n<span style=\"font-family: Verdana,Arial,Helvetica,Lucida Sans,Tahoma;\"><strong><\/strong>\u00a0\u00a0\u00a0\u00a0\u00a0\u00a0\u00a0\u00a0\u00a0\u00a0\u00a0\u00a0\u00a0\u00a0\u00a0\u00a0\u00a0\u00a0\u00a0\u00a0\u00a0\u00a0\u00a0\u00a0\u00a0\u00a0\u00a0\u00a0\u00a0\u00a0\u00a0\u00a0\u00a0\u00a0\u00a0\u00a0\u00a0\u00a0\u00a0\u00a0\u00a0\u00a0\u00a0\u00a0\u00a0\u00a0\u00a0\u00a0\u00a0\u00a0\u00a0\u00a0\u00a0\u00a0\u00a0\u00a0\u00a0\u00a0\u00a0\u00a0\u00a0\u00a0\u00a0\u00a0\u00a0\u00a0\u00a0\u00a0\u00a0\u00a0\u00a0\u00a0\u00a0\u00a0\u00a0\u00a0\u00a0\u00a0\u00a0\u00a0\u00a0\u00a0\u00a0\u00a0\u00a0\u00a0\u00a0\u00a0\u00a0\u00a0\u00a0\u00a0 \u00a0\u00a0\u00a0\u00a0\u00a0\u00a0\u00a0\u00a0\u00a0\u00a0\u00a0\u00a0\u00a0\u00a0\u00a0\u00a0\u00a0\u00a0\u00a0\u00a0\u00a0\u00a0\u00a0\u00a0\u00a0\u00a0\u00a0\u00a0\u00a0\u00a0\u00a0\u00a0\u00a0\u00a0\u00a0\u00a0\u00a0\u00a0\u00a0\u00a0\u00a0\u00a0\u00a0\u00a0\u00a0\u00a0\u00a0\u00a0\u00a0\u00a0\u00a0\u00a0\u00a0\u00a0\u00a0\u00a0\u00a0\u00a0\u00a0\u00a0\u00a0\u00a0\u00a0\u00a0\u00a0\u00a0\u00a0\u00a0\u00a0\u00a0\u00a0\u00a0\u00a0\u00a0\u00a0\u00a0\u00a0\u00a0\u00a0\u00a0\u00a0\u00a0\u00a0\u00a0\u00a0\u00a0 <\/span><\/p>\n<p><span style=\"font-family: Verdana,Arial,Helvetica,Lucida Sans,Tahoma;\"><strong>Haftungsausschluss<\/strong><\/span><\/p>\n<p><span style=\"font-family: Verdana,Arial,Helvetica,Lucida Sans,Tahoma;\">Da das mit der Verantwortlichkeit von Links zu anderen Internetseiten, Eintr\u00e4gen fremder Leute in unserem G\u00e4stebuch und sonstigen ungew\u00fcnschten \u00c4u\u00dferungen im &#8222;weltweiten Internet&#8220; immer etwas schwierig ist, folgt hier unser Statement. <\/span><\/p>\n<p><span style=\"font-family: Verdana,Arial,Helvetica,Lucida Sans,Tahoma;\"><strong>1. Inhalt des Onlineangebotes<\/strong><\/span><\/p>\n<p><span style=\"font-family: Verdana,Arial,Helvetica,Lucida Sans,Tahoma;\"><br \/>\nDer 1. Wasserskiclub Hannover \u00fcbernimmt keinerlei Gew\u00e4hr f\u00fcr die Aktualit\u00e4t, Korrektheit, Vollst\u00e4ndigkeit oder Qualit\u00e4t der bereit gestellten Links. Haftungsanspr\u00fcche gegen den 1. Wasserskiclub Hannover, welche sich auf Sch\u00e4den materieller oder ideeller Art beziehen, die durch die Nutzung oder Nichtnutzung der dargebotenen Informationen bzw. durch die Nutzung fehlerhafter und unvollst\u00e4ndiger Informationen verursacht wurden sind grunds\u00e4tzlich ausgeschlossen, sofern unsererseits kein nachweislich vors\u00e4tzliches oder grob fahrl\u00e4ssiges Verschulden vorliegt.<br \/>\nAlle Angebote sind freibleibend und unverbindlich. Wir behalten es uns ausdr\u00fccklich vor, Teile der Seiten oder das gesamte Angebot ohne gesonderte Ank\u00fcndigung zu ver\u00e4ndern, zu erg\u00e4nzen, zu l\u00f6schen oder die Ver\u00f6ffentlichung zeitweise oder endg\u00fcltig einzustellen. <\/span><\/p>\n<p>&nbsp;<\/p>\n<p><span style=\"font-family: Verdana,Arial,Helvetica,Lucida Sans,Tahoma;\"><strong>2. Verweise und Links <\/strong><\/span><\/p>\n<p><span style=\"font-family: Verdana,Arial,Helvetica,Lucida Sans,Tahoma;\"><br \/>\nBei direkten oder indirekten Verweisen auf fremde Internetseiten (&#8222;Links&#8220;), die au\u00dferhalb unseres Verantwortungsbereiches liegen, w\u00fcrde eine Haftungsverpflichtung ausschlie\u00dflich in dem Fall in Kraft treten, in dem der 1. Wasserskiclub Hannover von den Inhalten Kenntnis h\u00e4tte und es ihm technisch m\u00f6glich und zumutbar w\u00e4re, die Nutzung im Falle rechtswidriger Inhalte zu verhindern. Der 1. Wasserskiclub Hannover erkl\u00e4rt daher ausdr\u00fccklich, dass zum Zeitpunkt der Linksetzung die entsprechenden verlinkten Seiten frei von illegalen Inhalten waren. Wir hatten keinerlei Einfluss auf die aktuelle und zuk\u00fcnftige Gestaltung und auf die Inhalte der gelinkten\/verkn\u00fcpften Seiten. Deshalb distanziert er sich hiermit ausdr\u00fccklich von allen Inhalten aller gelinkten \/verkn\u00fcpften Seiten, die nach der Linksetzung ver\u00e4ndert wurden. Diese Feststellung gilt f\u00fcr alle innerhalb des eigenen<\/span><span style=\"font-family: Verdana,Arial,Helvetica,Lucida Sans,Tahoma;\"><br \/>\nInternetangebotes gesetzten Links und Verweise sowie f\u00fcr Fremdeintr\u00e4ge in von uns eingerichteten G\u00e4steb\u00fcchern, Diskussionsforen und Mailinglisten. F\u00fcr illegale, fehlerhafte oder unvollst\u00e4ndige Inhalte und insbesondere f\u00fcr Sch\u00e4den, die aus der Nutzung oder Nichtnutzung solcherart dargebotener Informationen entstehen, haftet allein der Anbieter der Seite, auf welche verwiesen wurde, nicht derjenige, der \u00fcber Links auf die jeweilige Ver\u00f6ffentlichung lediglich verweist. <\/span><\/p>\n<p>&nbsp;<\/p>\n<p><span style=\"font-family: Verdana,Arial,Helvetica,Lucida Sans,Tahoma;\"><strong>3. Urheber- und Kennzeichenrecht <\/strong><\/span><\/p>\n<p><span style=\"font-family: Verdana,Arial,Helvetica,Lucida Sans,Tahoma;\"><br \/>\nDer 1. Wasserskiclub Hannover ist bestrebt, in allen Publikationen die Urheberrechte der verwendeten Grafiken, Tondokumente, Videosequenzen und Texte zu beachten, von ihm selbst erstellte Grafiken, Tondokumente, Videosequenzen und Texte zu nutzen oder auf lizenzfreie Grafiken, Tondokumente, Videosequenzen und Texte zur\u00fcckzugreifen. Alle innerhalb des Internetangebotes genannten und ggf. durch Dritte gesch\u00fctzten Marken- und Warenzeichen unterliegen uneingeschr\u00e4nkt den Bestimmungen des jeweils g\u00fcltigen Kennzeichenrechts und den Besitzrechten der jeweiligen eingetragenen Eigent\u00fcmer. Allein aufgrund der blo\u00dfen Nennung ist nicht der Schlu\u00df zu ziehen, dass Markenzeichen nicht durch Rechte Dritter gesch\u00fctzt sind! Das Copyright f\u00fcr ver\u00f6ffentlichte, von dem 1. Wasserskiclub Hannover selbst erstellte Objekte bleibt allein beim 1. Wasserskiclub Hannover.<br \/>\nEine Vervielf\u00e4ltigung oder Verwendung solcher Grafiken, Tondokumente, Videosequenzen und Texte in anderen elektronischen oder gedruckten Publikationen ist ohne ausdr\u00fcckliche Zustimmung von uns nicht gestattet. <\/span><\/p>\n<p>&nbsp;<\/p>\n<p><span style=\"font-family: Verdana,Arial,Helvetica,Lucida Sans,Tahoma;\"><strong>4. Rechtswirksamkeit dieses Haftungsausschlusses <\/strong><\/span><\/p>\n<p><span style=\"font-family: Verdana,Arial,Helvetica,Lucida Sans,Tahoma;\"><br \/>\nDieser Haftungsausschluss ist als Teil des Internetangebotes zu betrachten, von dem aus auf diese Seite verwiesen wurde. Sofern Teile oder einzelne Formulierungen dieses Textes der geltenden Rechtslage nicht, nicht mehr oder nicht vollst\u00e4ndig entsprechen sollten, bleiben die \u00fcbrigen Teile des Dokumentes in ihrem Inhalt und ihrer G\u00fcltigkeit davon unber\u00fchrt.<\/span><\/p>\n<p>&nbsp;<\/p>\n<p><span style=\"font-family: Verdana,Arial,Helvetica,Lucida Sans,Tahoma;\"><strong>5. Rechtliches zu Abmahnversuchen<\/strong><\/span><\/p>\n<p><span style=\"font-family: Verdana,Arial,Helvetica,Lucida Sans,Tahoma;\"><br \/>\nKeine Abmahnung ohne den vorherigen Kontakt zu uns!<br \/>\nSollten durch die Aufmachung oder den Inhalt dieser Internetseiten Rechte Dritter oder gesetzliche Bestimmungen verletzt worden sein, so bitten wir Sie um eine entsprechende Nachricht ohne Kostennote. Wir versichern die unverz\u00fcgliche Entfernung von zu Recht beanstandeten Passagen, ohne dass die Einschaltung eines Rechtbeistandes von Ihnen aus erforderlich ist. Sollten dennoch von Ihnen Kosten ausgel\u00f6st werden, ohne dass zuvor eine Kontaktaufnahme mit uns erfolgt ist, werden wir diese voll umf\u00e4nglich zur\u00fcckweisen. Gegebenenfalls werden wir wegen Verletzung vorgenannter Bestimmungen eine Gegenklage einreichen lassen.<\/span><\/p>\n","protected":false},"excerpt":{"rendered":"<p>Diese Website wurde im Auftrag und in Zusammenarbeit mit dem 1. Wasserskiclub Hannover e.V. erstellt. &nbsp; Anschrift: 1. WSC Hannover e.V. In den K\u00e4mpen 55 30167 Hannover\u00a0\u00a0\u00a0\u00a0\u00a0\u00a0\u00a0\u00a0\u00a0\u00a0\u00a0\u00a0\u00a0\u00a0\u00a0\u00a0\u00a0\u00a0\u00a0\u00a0\u00a0\u00a0\u00a0\u00a0\u00a0\u00a0\u00a0\u00a0\u00a0\u00a0\u00a0\u00a0\u00a0\u00a0\u00a0\u00a0\u00a0\u00a0\u00a0\u00a0\u00a0\u00a0\u00a0\u00a0\u00a0\u00a0\u00a0\u00a0\u00a0\u00a0\u00a0\u00a0\u00a0\u00a0\u00a0\u00a0\u00a0\u00a0\u00a0\u00a0\u00a0\u00a0\u00a0\u00a0\u00a0\u00a0\u00a0\u00a0\u00a0\u00a0\u00a0\u00a0\u00a0\u00a0\u00a0\u00a0\u00a0\u00a0\u00a0\u00a0\u00a0\u00a0\u00a0\u00a0\u00a0\u00a0\u00a0\u00a0\u00a0\u00a0\u00a0\u00a0\u00a0 Zurzeit sind wir telefonisch nicht erreichbar! Post@Wasserski-Hannover.de \u00a0\u00a0\u00a0\u00a0\u00a0\u00a0\u00a0\u00a0\u00a0\u00a0\u00a0\u00a0\u00a0\u00a0\u00a0\u00a0\u00a0\u00a0\u00a0\u00a0\u00a0\u00a0\u00a0\u00a0\u00a0\u00a0\u00a0\u00a0\u00a0\u00a0\u00a0\u00a0\u00a0\u00a0\u00a0\u00a0\u00a0\u00a0\u00a0\u00a0\u00a0\u00a0\u00a0\u00a0\u00a0\u00a0\u00a0\u00a0\u00a0\u00a0\u00a0\u00a0\u00a0\u00a0\u00a0\u00a0\u00a0\u00a0\u00a0\u00a0\u00a0\u00a0\u00a0\u00a0\u00a0\u00a0\u00a0\u00a0\u00a0\u00a0\u00a0\u00a0\u00a0\u00a0\u00a0\u00a0\u00a0\u00a0\u00a0\u00a0\u00a0\u00a0\u00a0\u00a0\u00a0\u00a0\u00a0\u00a0\u00a0\u00a0\u00a0\u00a0 \u00a0\u00a0\u00a0\u00a0\u00a0\u00a0\u00a0\u00a0\u00a0\u00a0\u00a0\u00a0\u00a0\u00a0\u00a0\u00a0\u00a0\u00a0\u00a0\u00a0\u00a0\u00a0\u00a0\u00a0\u00a0\u00a0\u00a0\u00a0\u00a0\u00a0\u00a0\u00a0\u00a0\u00a0\u00a0\u00a0\u00a0\u00a0\u00a0\u00a0\u00a0\u00a0\u00a0\u00a0\u00a0\u00a0\u00a0\u00a0\u00a0\u00a0\u00a0\u00a0\u00a0\u00a0\u00a0\u00a0\u00a0\u00a0\u00a0\u00a0\u00a0\u00a0\u00a0\u00a0\u00a0\u00a0\u00a0\u00a0\u00a0\u00a0\u00a0\u00a0\u00a0\u00a0\u00a0\u00a0\u00a0\u00a0\u00a0\u00a0\u00a0\u00a0\u00a0\u00a0\u00a0\u00a0 Haftungsausschluss Da das mit der Verantwortlichkeit von Links zu anderen Internetseiten, Eintr\u00e4gen fremder Leute in unserem G\u00e4stebuch und sonstigen &hellip; <\/p>\n<p class=\"link-more\"><a href=\"https:\/\/www.wasserski-hannover.de\/?page_id=259\" class=\"more-link\"><span class=\"screen-reader-text\">\u201eImpressum\u201c<\/span> weiterlesen<\/a><\/p>\n","protected":false},"author":1,"featured_media":0,"parent":0,"menu_order":0,"comment_status":"closed","ping_status":"closed","template":"","meta":{"footnotes":""},"class_list":["post-259","page","type-page","status-publish","hentry"],"_links":{"self":[{"href":"https:\/\/www.wasserski-hannover.de\/index.php?rest_route=\/wp\/v2\/pages\/259","targetHints":{"allow":["GET"]}}],"collection":[{"href":"https:\/\/www.wasserski-hannover.de\/index.php?rest_route=\/wp\/v2\/pages"}],"about":[{"href":"https:\/\/www.wasserski-hannover.de\/index.php?rest_route=\/wp\/v2\/types\/page"}],"author":[{"embeddable":true,"href":"https:\/\/www.wasserski-hannover.de\/index.php?rest_route=\/wp\/v2\/users\/1"}],"replies":[{"embeddable":true,"href":"https:\/\/www.wasserski-hannover.de\/index.php?rest_route=%2Fwp%2Fv2%2Fcomments&post=259"}],"version-history":[{"count":7,"href":"https:\/\/www.wasserski-hannover.de\/index.php?rest_route=\/wp\/v2\/pages\/259\/revisions"}],"predecessor-version":[{"id":299,"href":"https:\/\/www.wasserski-hannover.de\/index.php?rest_route=\/wp\/v2\/pages\/259\/revisions\/299"}],"wp:attachment":[{"href":"https:\/\/www.wasserski-hannover.de\/index.php?rest_route=%2Fwp%2Fv2%2Fmedia&parent=259"}],"curies":[{"name":"wp","href":"https:\/\/api.w.org\/{rel}","templated":true}]}}