{"id":4,"date":"2017-01-25T10:18:46","date_gmt":"2017-01-25T10:18:46","guid":{"rendered":"http:\/\/test.wasserski-hannover.de\/?page_id=4"},"modified":"2023-11-24T18:25:47","modified_gmt":"2023-11-24T17:25:47","slug":"home","status":"publish","type":"page","link":"https:\/\/www.wasserski-hannover.de\/","title":{"rendered":"Home"},"content":{"rendered":"<h3>Willkommen auf den Seiten des 1. WSC Hannover e.V.<\/h3>\n<p><span style=\"color: #ff0000;\"><strong>\u00a0<\/strong><\/span><\/p>\n<p><span style=\"color: #ff0000;\"><strong>Update Winter 2023: <\/strong><\/span><\/p>\n<p><span style=\"color: #ff0000;\"><strong>Liebe Wassersport-Fans, leider war ein Betrieb im Sommer 2023 nicht m\u00f6glich, auch der Betrieb im Sommer 24 ist keinesfalls gesichert. Wenn es wieder losgeht, informieren wir hier fr\u00fchzeitig \u00fcber News.<br \/>\n<\/strong><\/span><\/p>\n<p><span style=\"color: #ff0000;\"><strong>\u00a0<\/strong><\/span><\/p>\n<p>In unserem Verein hast du die M\u00f6glichkeit in den Wasserskisport hereinzuschnuppern und dich von den ersten Startversuchen bis zum Wasserskiwettkampf weiterzuentwickeln. Neben dem klassischen Paarski kannst du bei uns auch Slalom, Trickski sowie Wakeboard und Wakeskate erlernen. Unser Revier liegt sehr zentral und mitten in der Stadt auf der einzigen \u00f6ffentlich ausgewiesen innnerst\u00e4dtischen Wasserskistrecke.<\/p>\n<p>Haben wir dein Interesse geweckt? Dann schau doch einfach mal vorbei, alles was du brauchst ist Badebekleidung. Auf den weiteren Seiten findst du n\u00fctzliche Hinweise und Informationen zu uns und unseren Angeboten.<\/p>\n<p>Viel Spa\u00df dabei und vielen Dank f\u00fcr dein Interesse.<\/p>\n<p><img loading=\"lazy\" decoding=\"async\" class=\"aligncenter wp-image-131 size-full\" src=\"http:\/\/test.wasserski-hannover.de\/wp-content\/uploads\/2017\/01\/saisonstart2014.jpg\" width=\"700\" height=\"420\" srcset=\"https:\/\/www.wasserski-hannover.de\/wp-content\/uploads\/2017\/01\/saisonstart2014.jpg 700w, https:\/\/www.wasserski-hannover.de\/wp-content\/uploads\/2017\/01\/saisonstart2014-300x180.jpg 300w\" sizes=\"auto, (max-width: 700px) 100vw, 700px\" \/><\/p>\n","protected":false},"excerpt":{"rendered":"<p>Willkommen auf den Seiten des 1. WSC Hannover e.V. \u00a0 Update Winter 2023: Liebe Wassersport-Fans, leider war ein Betrieb im Sommer 2023 nicht m\u00f6glich, auch der Betrieb im Sommer 24 ist keinesfalls gesichert. Wenn es wieder losgeht, informieren wir hier fr\u00fchzeitig \u00fcber News. \u00a0 In unserem Verein hast du die M\u00f6glichkeit in den Wasserskisport hereinzuschnuppern &hellip; <\/p>\n<p class=\"link-more\"><a href=\"https:\/\/www.wasserski-hannover.de\/\" class=\"more-link\"><span class=\"screen-reader-text\">\u201eHome\u201c<\/span> weiterlesen<\/a><\/p>\n","protected":false},"author":1,"featured_media":0,"parent":0,"menu_order":0,"comment_status":"closed","ping_status":"closed","template":"","meta":{"footnotes":""},"class_list":["post-4","page","type-page","status-publish","hentry"],"_links":{"self":[{"href":"https:\/\/www.wasserski-hannover.de\/index.php?rest_route=\/wp\/v2\/pages\/4","targetHints":{"allow":["GET"]}}],"collection":[{"href":"https:\/\/www.wasserski-hannover.de\/index.php?rest_route=\/wp\/v2\/pages"}],"about":[{"href":"https:\/\/www.wasserski-hannover.de\/index.php?rest_route=\/wp\/v2\/types\/page"}],"author":[{"embeddable":true,"href":"https:\/\/www.wasserski-hannover.de\/index.php?rest_route=\/wp\/v2\/users\/1"}],"replies":[{"embeddable":true,"href":"https:\/\/www.wasserski-hannover.de\/index.php?rest_route=%2Fwp%2Fv2%2Fcomments&post=4"}],"version-history":[{"count":39,"href":"https:\/\/www.wasserski-hannover.de\/index.php?rest_route=\/wp\/v2\/pages\/4\/revisions"}],"predecessor-version":[{"id":391,"href":"https:\/\/www.wasserski-hannover.de\/index.php?rest_route=\/wp\/v2\/pages\/4\/revisions\/391"}],"wp:attachment":[{"href":"https:\/\/www.wasserski-hannover.de\/index.php?rest_route=%2Fwp%2Fv2%2Fmedia&parent=4"}],"curies":[{"name":"wp","href":"https:\/\/api.w.org\/{rel}","templated":true}]}}