{"id":48,"date":"2017-01-25T11:55:32","date_gmt":"2017-01-25T11:55:32","guid":{"rendered":"http:\/\/test.wasserski-hannover.de\/?page_id=48"},"modified":"2020-08-17T18:28:59","modified_gmt":"2020-08-17T17:28:59","slug":"zeiten-und-termine","status":"publish","type":"page","link":"https:\/\/www.wasserski-hannover.de\/?page_id=48","title":{"rendered":"Termine"},"content":{"rendered":"<h3>In der \u00dcbersicht findest du wichtige Termine der laufenden Saison:<\/h3>\n<p><strong><span style=\"color: #ff0000;\"><em>Corona-bedingt zurzeit kein G\u00e4ste-Laufbetrieb m\u00f6glich!<\/em><\/span><\/strong><\/p>\n<h4><strong><del>Termine zum Schnupper- und G\u00e4stelaufen finden aus organisatorischen Gr\u00fcnden in der Regel am Donnerstag statt. Anfragen bitte mit etwas Vorlaufzeit per Mail \u00fcber <a href=\"mailto:post@wasserski-hannover.de\" target=\"_self\" rel=\"noopener noreferrer\">Post@Wasserski-Hannover.de<\/a> stellen.\u00a0<\/del> <\/strong><\/h4>\n<p><!-- [table id=2 \/] --><\/p>\n","protected":false},"excerpt":{"rendered":"<p>In der \u00dcbersicht findest du wichtige Termine der laufenden Saison: Corona-bedingt zurzeit kein G\u00e4ste-Laufbetrieb m\u00f6glich! Termine zum Schnupper- und G\u00e4stelaufen finden aus organisatorischen Gr\u00fcnden in der Regel am Donnerstag statt. Anfragen bitte mit etwas Vorlaufzeit per Mail \u00fcber Post@Wasserski-Hannover.de stellen.\u00a0<\/p>\n","protected":false},"author":1,"featured_media":0,"parent":0,"menu_order":0,"comment_status":"closed","ping_status":"closed","template":"","meta":{"footnotes":""},"class_list":["post-48","page","type-page","status-publish","hentry"],"_links":{"self":[{"href":"https:\/\/www.wasserski-hannover.de\/index.php?rest_route=\/wp\/v2\/pages\/48","targetHints":{"allow":["GET"]}}],"collection":[{"href":"https:\/\/www.wasserski-hannover.de\/index.php?rest_route=\/wp\/v2\/pages"}],"about":[{"href":"https:\/\/www.wasserski-hannover.de\/index.php?rest_route=\/wp\/v2\/types\/page"}],"author":[{"embeddable":true,"href":"https:\/\/www.wasserski-hannover.de\/index.php?rest_route=\/wp\/v2\/users\/1"}],"replies":[{"embeddable":true,"href":"https:\/\/www.wasserski-hannover.de\/index.php?rest_route=%2Fwp%2Fv2%2Fcomments&post=48"}],"version-history":[{"count":25,"href":"https:\/\/www.wasserski-hannover.de\/index.php?rest_route=\/wp\/v2\/pages\/48\/revisions"}],"predecessor-version":[{"id":378,"href":"https:\/\/www.wasserski-hannover.de\/index.php?rest_route=\/wp\/v2\/pages\/48\/revisions\/378"}],"wp:attachment":[{"href":"https:\/\/www.wasserski-hannover.de\/index.php?rest_route=%2Fwp%2Fv2%2Fmedia&parent=48"}],"curies":[{"name":"wp","href":"https:\/\/api.w.org\/{rel}","templated":true}]}}